{"id":3474,"date":"2024-11-06T12:03:30","date_gmt":"2024-11-06T11:03:30","guid":{"rendered":"https:\/\/cerclezero.cat\/calendario\/"},"modified":"2024-12-23T13:09:06","modified_gmt":"2024-12-23T12:09:06","slug":"calendario","status":"publish","type":"page","link":"https:\/\/cerclezero.cat\/es\/calendario\/","title":{"rendered":"Calendario"},"content":{"rendered":"<style>.kb-row-layout-id2576_d223e3-a4 > .kt-row-column-wrap{align-content:start;}:where(.kb-row-layout-id2576_d223e3-a4 > .kt-row-column-wrap) > .wp-block-kadence-column{justify-content:start;}.kb-row-layout-id2576_d223e3-a4 > .kt-row-column-wrap{column-gap:var(--global-kb-gap-md, 2rem);row-gap:var(--global-kb-gap-md, 2rem);max-width:var( --global-content-width, 1800px );padding-left:var(--global-content-edge-padding);padding-right:var(--global-content-edge-padding);padding-top:150px;padding-right:20px;padding-bottom:150px;padding-left:20px;grid-template-columns:minmax(0, 1fr);}.kb-row-layout-id2576_d223e3-a4{background-image:url('https:\/\/cerclezero.cat\/wp-content\/uploads\/2024\/10\/AGENDA-ACTIVITATS-Mediana.jpeg');background-size:cover;background-position:54% 40%;background-attachment:scroll;background-repeat:no-repeat;}.kb-row-layout-id2576_d223e3-a4 > .kt-row-layout-overlay{opacity:0.75;background-color:var(--global-palette3, #1A202C);}@media all and (max-width: 1024px){.kb-row-layout-id2576_d223e3-a4 > .kt-row-column-wrap{grid-template-columns:minmax(0, 1fr);}}@media all and (max-width: 767px){.kb-row-layout-id2576_d223e3-a4 > .kt-row-column-wrap{padding-top:40px;padding-bottom:40px;grid-template-columns:minmax(0, 1fr);}}<\/style><div class=\"kb-row-layout-wrap kb-row-layout-id2576_d223e3-a4 alignnone kt-row-has-bg wp-block-kadence-rowlayout\"><div class=\"kt-row-layout-overlay kt-row-overlay-normal\"><\/div><div class=\"kt-row-column-wrap kt-has-1-columns kt-row-layout-equal kt-tab-layout-inherit kt-mobile-layout-row kt-row-valign-top kb-theme-content-width\">\n<style>.kadence-column2576_19d85c-7e > .kt-inside-inner-col,.kadence-column2576_19d85c-7e > .kt-inside-inner-col:before{border-top-left-radius:0px;border-top-right-radius:0px;border-bottom-right-radius:0px;border-bottom-left-radius:0px;}.kadence-column2576_19d85c-7e > .kt-inside-inner-col{column-gap:var(--global-kb-gap-sm, 1rem);}.kadence-column2576_19d85c-7e > .kt-inside-inner-col{flex-direction:column;}.kadence-column2576_19d85c-7e > .kt-inside-inner-col > .aligncenter{width:100%;}.kadence-column2576_19d85c-7e > .kt-inside-inner-col:before{opacity:0.3;}.kadence-column2576_19d85c-7e{position:relative;}@media all and (max-width: 1024px){.kadence-column2576_19d85c-7e > .kt-inside-inner-col{flex-direction:column;justify-content:center;}}@media all and (max-width: 767px){.kadence-column2576_19d85c-7e > .kt-inside-inner-col{flex-direction:column;justify-content:center;}}<\/style>\n<div class=\"wp-block-kadence-column kadence-column2576_19d85c-7e\"><div class=\"kt-inside-inner-col\"><style>.wp-block-kadence-advancedheading.kt-adv-heading2576_ad01a4-f0, .wp-block-kadence-advancedheading.kt-adv-heading2576_ad01a4-f0[data-kb-block=\"kb-adv-heading2576_ad01a4-f0\"]{text-align:center;font-style:normal;}.wp-block-kadence-advancedheading.kt-adv-heading2576_ad01a4-f0 mark.kt-highlight, .wp-block-kadence-advancedheading.kt-adv-heading2576_ad01a4-f0[data-kb-block=\"kb-adv-heading2576_ad01a4-f0\"] mark.kt-highlight{font-style:normal;color:var(--global-palette3, #1A202C);-webkit-box-decoration-break:clone;box-decoration-break:clone;padding-top:0px;padding-right:0px;padding-bottom:0px;padding-left:0px;}.wp-block-kadence-advancedheading.kt-adv-heading2576_ad01a4-f0 img.kb-inline-image, .wp-block-kadence-advancedheading.kt-adv-heading2576_ad01a4-f0[data-kb-block=\"kb-adv-heading2576_ad01a4-f0\"] img.kb-inline-image{width:150px;vertical-align:baseline;}@media all and (max-width: 767px){.wp-block-kadence-advancedheading.kt-adv-heading2576_ad01a4-f0, .wp-block-kadence-advancedheading.kt-adv-heading2576_ad01a4-f0[data-kb-block=\"kb-adv-heading2576_ad01a4-f0\"]{text-align:left!important;}}<\/style>\n<h1 class=\"kt-adv-heading2576_ad01a4-f0 wp-block-kadence-advancedheading has-theme-palette-9-color has-text-color\" data-kb-block=\"kb-adv-heading2576_ad01a4-f0\"><mark style=\"background-color:var(--global-palette2)\" class=\"has-inline-color\">Calendario<\/mark> de actividades de <mark style=\"background-color:rgba(0, 0, 0, 0);color:#95a4f8\" class=\"has-inline-color\">Prevenci\u00f3n<\/mark> de <mark style=\"background-color:rgba(0, 0, 0, 0);color:#e6938b\" class=\"has-inline-color\">Residuos<\/mark><\/h1>\n<\/div><\/div>\n\n<\/div><\/div><style>.kb-row-layout-id1102_21aaec-c3 > .kt-row-column-wrap{align-content:start;}:where(.kb-row-layout-id1102_21aaec-c3 > .kt-row-column-wrap) > .wp-block-kadence-column{justify-content:start;}.kb-row-layout-id1102_21aaec-c3 > .kt-row-column-wrap{column-gap:var(--global-kb-gap-md, 2rem);row-gap:var(--global-kb-gap-md, 2rem);max-width:var( --global-content-width, 1800px );padding-left:var(--global-content-edge-padding);padding-right:var(--global-content-edge-padding);padding-top:20px;padding-right:20px;padding-bottom:20px;padding-left:20px;grid-template-columns:minmax(0, 1fr);}.kb-row-layout-id1102_21aaec-c3 > .kt-row-layout-overlay{opacity:0.30;}@media all and (max-width: 1024px){.kb-row-layout-id1102_21aaec-c3 > .kt-row-column-wrap{grid-template-columns:minmax(0, 1fr);}}@media all and (max-width: 767px){.kb-row-layout-id1102_21aaec-c3 > .kt-row-column-wrap{grid-template-columns:minmax(0, 1fr);}}<\/style><div class=\"kb-row-layout-wrap kb-row-layout-id1102_21aaec-c3 alignnone has-theme-palette1-background-color kt-row-has-bg wp-block-kadence-rowlayout\"><div class=\"kt-row-column-wrap kt-has-1-columns kt-row-layout-equal kt-tab-layout-inherit kt-mobile-layout-row kt-row-valign-top kb-theme-content-width\">\n<style>.kadence-column1102_2ecece-46 > .kt-inside-inner-col{display:flex;}.kadence-column1102_2ecece-46 > .kt-inside-inner-col,.kadence-column1102_2ecece-46 > .kt-inside-inner-col:before{border-top-left-radius:0px;border-top-right-radius:0px;border-bottom-right-radius:0px;border-bottom-left-radius:0px;}.kadence-column1102_2ecece-46 > .kt-inside-inner-col{column-gap:var(--global-kb-gap-sm, 1rem);}.kadence-column1102_2ecece-46 > .kt-inside-inner-col{flex-direction:column;align-items:center;}.kadence-column1102_2ecece-46 > .kt-inside-inner-col > .kb-image-is-ratio-size{align-self:stretch;}.kadence-column1102_2ecece-46 > .kt-inside-inner-col > .wp-block-kadence-advancedgallery{align-self:stretch;}.kadence-column1102_2ecece-46 > .kt-inside-inner-col > .aligncenter{width:100%;}.kadence-column1102_2ecece-46 > .kt-inside-inner-col:before{opacity:0.3;}.kadence-column1102_2ecece-46{position:relative;}@media all and (max-width: 1024px){.kadence-column1102_2ecece-46 > .kt-inside-inner-col{flex-direction:column;justify-content:center;align-items:center;}}@media all and (max-width: 767px){.kadence-column1102_2ecece-46 > .kt-inside-inner-col{flex-direction:column;justify-content:center;align-items:center;}}<\/style>\n<div class=\"wp-block-kadence-column kadence-column1102_2ecece-46\"><div class=\"kt-inside-inner-col\"><style>.wp-block-kadence-column.kb-section-dir-horizontal > .kt-inside-inner-col > .kt-info-box1102_7d4ec0-c9 .kt-blocks-info-box-link-wrap{max-width:unset;}.kt-info-box1102_7d4ec0-c9 .kt-blocks-info-box-link-wrap{background:rgba(255,255,255,0);padding-top:0px;padding-right:0px;padding-bottom:0px;padding-left:0px;}.kt-info-box1102_7d4ec0-c9 .kadence-info-box-icon-container .kt-info-svg-icon, .kt-info-box1102_7d4ec0-c9 .kt-info-svg-icon-flip, .kt-info-box1102_7d4ec0-c9 .kt-blocks-info-box-number{font-size:30px;}.kt-info-box1102_7d4ec0-c9 .kt-blocks-info-box-media{color:var(--global-palette9, #ffffff);background:#e6938b;border-color:#444444;border-radius:200px;overflow:hidden;border-top-width:0px;border-right-width:0px;border-bottom-width:0px;border-left-width:0px;padding-top:20px;padding-right:20px;padding-bottom:20px;padding-left:20px;margin-top:0px;margin-right:20px;margin-bottom:0px;margin-left:0px;}.kt-info-box1102_7d4ec0-c9 .kt-blocks-info-box-media .kadence-info-box-image-intrisic img{border-radius:200px;}.kt-info-box1102_7d4ec0-c9 .kt-infobox-textcontent h3.kt-blocks-info-box-title{color:var(--global-palette9, #ffffff);padding-top:0px;padding-right:0px;padding-bottom:0px;padding-left:0px;margin-top:5px;margin-right:0px;margin-bottom:10px;margin-left:0px;}.kt-info-box1102_7d4ec0-c9 .kt-blocks-info-box-learnmore{background:transparent;border-width:0px 0px 0px 0px;padding-top:4px;padding-right:8px;padding-bottom:4px;padding-left:8px;margin-top:10px;margin-right:0px;margin-bottom:10px;margin-left:0px;}@media all and (max-width: 1024px){.kt-info-box1102_7d4ec0-c9 .kt-blocks-info-box-link-wrap{text-align:left;}}@media all and (max-width: 767px){.kt-info-box1102_7d4ec0-c9 .kt-blocks-info-box-link-wrap{text-align:left;display:block;}.kt-info-box1102_7d4ec0-c9 .kt-blocks-info-box-link-wrap .kt-blocks-info-box-media{display:inline-block;max-width:100%;}}<\/style>\n<div class=\"wp-block-kadence-infobox kt-info-box1102_7d4ec0-c9\"><span class=\"kt-blocks-info-box-link-wrap info-box-link kt-blocks-info-box-media-align-left kt-info-halign-center kb-info-tablet-halign-left kb-info-mobile-halign-left\"><div class=\"kt-blocks-info-box-media-container\"><div class=\"kt-blocks-info-box-media kt-info-media-animate-none\"><div class=\"kadence-info-box-icon-container kt-info-icon-animate-none\"><div class=\"kadence-info-box-icon-inner-container\"><span class=\"kb-svg-icon-wrap kb-svg-icon-fas_info kt-info-svg-icon\"><svg viewBox=\"0 0 192 512\"  fill=\"currentColor\" xmlns=\"http:\/\/www.w3.org\/2000\/svg\"  aria-hidden=\"true\"><path d=\"M20 424.229h20V279.771H20c-11.046 0-20-8.954-20-20V212c0-11.046 8.954-20 20-20h112c11.046 0 20 8.954 20 20v212.229h20c11.046 0 20 8.954 20 20V492c0 11.046-8.954 20-20 20H20c-11.046 0-20-8.954-20-20v-47.771c0-11.046 8.954-20 20-20zM96 0C56.235 0 24 32.235 24 72s32.235 72 72 72 72-32.235 72-72S135.764 0 96 0z\"\/><\/svg><\/span><\/div><\/div><\/div><\/div><div class=\"kt-infobox-textcontent\"><h3 class=\"kt-blocks-info-box-title\">Cal reservar pla\u00e7a a totes les activitats per poder participar<\/h3><\/div><\/span><\/div>\n<\/div><\/div>\n\n<\/div><\/div><style>.kb-row-layout-id2576_e7e284-6e > .kt-row-column-wrap{align-content:start;}:where(.kb-row-layout-id2576_e7e284-6e > .kt-row-column-wrap) > .wp-block-kadence-column{justify-content:start;}.kb-row-layout-id2576_e7e284-6e > .kt-row-column-wrap{column-gap:var(--global-kb-gap-md, 2rem);row-gap:var(--global-kb-gap-md, 2rem);max-width:80%;margin-left:auto;margin-right:auto;padding-top:var(--global-kb-spacing-sm, 1.5rem);padding-bottom:var(--global-kb-spacing-sm, 1.5rem);grid-template-columns:minmax(0, 1fr);}.kb-row-layout-id2576_e7e284-6e > .kt-row-layout-overlay{opacity:0.30;}.kb-row-layout-id2576_e7e284-6e{z-index:2;position:relative;}@media all and (max-width: 1024px){.kb-row-layout-id2576_e7e284-6e > .kt-row-column-wrap{grid-template-columns:minmax(0, 1fr);}}@media all and (max-width: 767px){.kb-row-layout-id2576_e7e284-6e > .kt-row-column-wrap{grid-template-columns:minmax(0, 1fr);}}<\/style><div class=\"kb-row-layout-wrap kb-row-layout-id2576_e7e284-6e alignnone wp-block-kadence-rowlayout\"><div class=\"kt-row-column-wrap kt-has-1-columns kt-row-layout-equal kt-tab-layout-inherit kt-mobile-layout-row kt-row-valign-top\">\n<style>.kadence-column2576_a8e253-91 > .kt-inside-inner-col,.kadence-column2576_a8e253-91 > .kt-inside-inner-col:before{border-top-left-radius:0px;border-top-right-radius:0px;border-bottom-right-radius:0px;border-bottom-left-radius:0px;}.kadence-column2576_a8e253-91 > .kt-inside-inner-col{column-gap:var(--global-kb-gap-sm, 1rem);}.kadence-column2576_a8e253-91 > .kt-inside-inner-col{flex-direction:column;}.kadence-column2576_a8e253-91 > .kt-inside-inner-col > .aligncenter{width:100%;}.kadence-column2576_a8e253-91 > .kt-inside-inner-col:before{opacity:0.3;}.kadence-column2576_a8e253-91{position:relative;}@media all and (max-width: 1024px){.kadence-column2576_a8e253-91 > .kt-inside-inner-col{flex-direction:column;justify-content:center;}}@media all and (max-width: 767px){.kadence-column2576_a8e253-91 > .kt-inside-inner-col{flex-direction:column;justify-content:center;}}<\/style>\n<div class=\"wp-block-kadence-column kadence-column2576_a8e253-91\"><div class=\"kt-inside-inner-col\">\n<div data-block-name=\"woocommerce\/bookings-availability-calendar-block\" class=\"wp-block-woocommerce-bookings-availability-calendar-block wc-bookings-availability-main-calendar-container wc-bookings-availability-main-container\" data-category-ids=\"\" data-product-ids=\"\" data-resource-ids=\"\" data-show-date-nav=\"true\" data-date-range-type=\"this-month\" data-show-sold-out=\"false\"><\/div>\n<\/div><\/div>\n\n<\/div><\/div><style>.kb-row-layout-id2576_2164d6-a5 > .kt-row-column-wrap{align-content:start;}:where(.kb-row-layout-id2576_2164d6-a5 > .kt-row-column-wrap) > .wp-block-kadence-column{justify-content:start;}.kb-row-layout-id2576_2164d6-a5 > .kt-row-column-wrap{column-gap:var(--global-kb-gap-md, 2rem);row-gap:var(--global-kb-gap-md, 2rem);max-width:var( --global-content-width, 1800px );padding-left:var(--global-content-edge-padding);padding-right:var(--global-content-edge-padding);padding-top:var(--global-kb-spacing-sm, 1.5rem);padding-bottom:var(--global-kb-spacing-sm, 1.5rem);grid-template-columns:minmax(0, 1fr);}.kb-row-layout-id2576_2164d6-a5{background-color:#95a4f8;}.kb-row-layout-id2576_2164d6-a5 > .kt-row-layout-overlay{opacity:0.30;}.kb-row-layout-id2576_2164d6-a5{position:relative;}@media all and (max-width: 1024px){.kb-row-layout-id2576_2164d6-a5 > .kt-row-column-wrap{grid-template-columns:minmax(0, 1fr);}}@media all and (max-width: 767px){.kb-row-layout-id2576_2164d6-a5 > .kt-row-column-wrap{grid-template-columns:minmax(0, 1fr);}}<\/style><div class=\"kb-row-layout-wrap kb-row-layout-id2576_2164d6-a5 alignnone kt-row-has-bg wp-block-kadence-rowlayout\"><div class=\"kt-row-column-wrap kt-has-1-columns kt-row-layout-equal kt-tab-layout-inherit kt-mobile-layout-row kt-row-valign-top kb-theme-content-width\">\n<style>.kadence-column2576_aa8bdb-a8 > .kt-inside-inner-col{padding-right:var(--global-kb-spacing-xxl, 5rem);padding-left:var(--global-kb-spacing-xxl, 5rem);}.kadence-column2576_aa8bdb-a8 > .kt-inside-inner-col,.kadence-column2576_aa8bdb-a8 > .kt-inside-inner-col:before{border-top-left-radius:0px;border-top-right-radius:0px;border-bottom-right-radius:0px;border-bottom-left-radius:0px;}.kadence-column2576_aa8bdb-a8 > .kt-inside-inner-col{column-gap:var(--global-kb-gap-sm, 1rem);}.kadence-column2576_aa8bdb-a8 > .kt-inside-inner-col{flex-direction:column;}.kadence-column2576_aa8bdb-a8 > .kt-inside-inner-col > .aligncenter{width:100%;}.kadence-column2576_aa8bdb-a8 > .kt-inside-inner-col:before{opacity:0.3;}.kadence-column2576_aa8bdb-a8{position:relative;}@media all and (max-width: 1024px){.kadence-column2576_aa8bdb-a8 > .kt-inside-inner-col{flex-direction:column;justify-content:center;}}@media all and (max-width: 767px){.kadence-column2576_aa8bdb-a8 > .kt-inside-inner-col{padding-right:var(--global-kb-spacing-xs, 1rem);padding-left:var(--global-kb-spacing-xs, 1rem);flex-direction:column;justify-content:center;}}<\/style>\n<div class=\"wp-block-kadence-column kadence-column2576_aa8bdb-a8\"><div class=\"kt-inside-inner-col\"><style>.wp-block-kadence-advancedheading.kt-adv-heading2576_b6d1d3-0b, .wp-block-kadence-advancedheading.kt-adv-heading2576_b6d1d3-0b[data-kb-block=\"kb-adv-heading2576_b6d1d3-0b\"]{text-align:center;font-style:normal;}.wp-block-kadence-advancedheading.kt-adv-heading2576_b6d1d3-0b mark.kt-highlight, .wp-block-kadence-advancedheading.kt-adv-heading2576_b6d1d3-0b[data-kb-block=\"kb-adv-heading2576_b6d1d3-0b\"] mark.kt-highlight{font-style:normal;color:#f76a0c;-webkit-box-decoration-break:clone;box-decoration-break:clone;padding-top:0px;padding-right:0px;padding-bottom:0px;padding-left:0px;}.wp-block-kadence-advancedheading.kt-adv-heading2576_b6d1d3-0b img.kb-inline-image, .wp-block-kadence-advancedheading.kt-adv-heading2576_b6d1d3-0b[data-kb-block=\"kb-adv-heading2576_b6d1d3-0b\"] img.kb-inline-image{width:150px;vertical-align:baseline;}@media all and (max-width: 767px){.wp-block-kadence-advancedheading.kt-adv-heading2576_b6d1d3-0b, .wp-block-kadence-advancedheading.kt-adv-heading2576_b6d1d3-0b[data-kb-block=\"kb-adv-heading2576_b6d1d3-0b\"]{font-size:25px;line-height:1.5;}}<\/style>\n<h3 class=\"kt-adv-heading2576_b6d1d3-0b wp-block-kadence-advancedheading\" data-kb-block=\"kb-adv-heading2576_b6d1d3-0b\">\u00a1Participa en las actividades y haz frente a la crisis clim\u00e1tica a trav\u00e9s de la prevenci\u00f3n de residuos y de la Econom\u00eda Circular!<\/h3>\n<\/div><\/div>\n\n<\/div><\/div>","protected":false},"excerpt":{"rendered":"<p>Calendario de actividades de Prevenci\u00f3n de Residuos \u00a1Participa en las actividades y haz frente a la crisis clim\u00e1tica a trav\u00e9s de la prevenci\u00f3n de residuos y de la Econom\u00eda Circular!<\/p>\n","protected":false},"author":1,"featured_media":0,"parent":0,"menu_order":0,"comment_status":"closed","ping_status":"closed","template":"","meta":{"_acf_changed":false,"_kad_blocks_custom_css":"","_kad_blocks_head_custom_js":"","_kad_blocks_body_custom_js":"","_kad_blocks_footer_custom_js":"","_kad_post_transparent":"","_kad_post_title":"","_kad_post_layout":"","_kad_post_sidebar_id":"","_kad_post_content_style":"","_kad_post_vertical_padding":"","_kad_post_feature":"","_kad_post_feature_position":"","_kad_post_header":false,"_kad_post_footer":false,"_kad_post_classname":"","footnotes":""},"class_list":["post-3474","page","type-page","status-publish","hentry"],"acf":[],"taxonomy_info":[],"featured_image_src_large":false,"author_info":{"display_name":"admin","author_link":"https:\/\/cerclezero.cat\/es\/author\/empiezapori\/"},"comment_info":0,"_links":{"self":[{"href":"https:\/\/cerclezero.cat\/es\/wp-json\/wp\/v2\/pages\/3474","targetHints":{"allow":["GET"]}}],"collection":[{"href":"https:\/\/cerclezero.cat\/es\/wp-json\/wp\/v2\/pages"}],"about":[{"href":"https:\/\/cerclezero.cat\/es\/wp-json\/wp\/v2\/types\/page"}],"author":[{"embeddable":true,"href":"https:\/\/cerclezero.cat\/es\/wp-json\/wp\/v2\/users\/1"}],"replies":[{"embeddable":true,"href":"https:\/\/cerclezero.cat\/es\/wp-json\/wp\/v2\/comments?post=3474"}],"version-history":[{"count":3,"href":"https:\/\/cerclezero.cat\/es\/wp-json\/wp\/v2\/pages\/3474\/revisions"}],"predecessor-version":[{"id":3643,"href":"https:\/\/cerclezero.cat\/es\/wp-json\/wp\/v2\/pages\/3474\/revisions\/3643"}],"wp:attachment":[{"href":"https:\/\/cerclezero.cat\/es\/wp-json\/wp\/v2\/media?parent=3474"}],"curies":[{"name":"wp","href":"https:\/\/api.w.org\/{rel}","templated":true}]}}