{"id":10346,"date":"2026-04-07T13:38:11","date_gmt":"2026-04-07T11:38:11","guid":{"rendered":"https:\/\/cerclezero.cat\/?post_type=product&#038;p=10346"},"modified":"2026-04-08T13:12:39","modified_gmt":"2026-04-08T11:12:39","slug":"taller-viladecans-upcycling-de-macetas-por-plantas-nueva-copia","status":"publish","type":"product","link":"https:\/\/cerclezero.cat\/es\/taller-viladecans-upcycling-de-macetas-por-plantas-nueva-copia\/","title":{"rendered":"Taller [Matar\u00f3] &#8211; Upcycling"},"content":{"rendered":"<p><img loading=\"lazy\" decoding=\"async\" class=\"alignnone size-medium wp-image-10370\" src=\"https:\/\/cerclezero.cat\/wp-content\/uploads\/2026\/04\/Captura-de-pantalla-2026-04-08-111613-300x242.png\" alt=\"\" width=\"300\" height=\"242\" srcset=\"https:\/\/cerclezero.cat\/wp-content\/uploads\/2026\/04\/Captura-de-pantalla-2026-04-08-111613-300x242.png 300w, https:\/\/cerclezero.cat\/wp-content\/uploads\/2026\/04\/Captura-de-pantalla-2026-04-08-111613-150x121.png 150w, https:\/\/cerclezero.cat\/wp-content\/uploads\/2026\/04\/Captura-de-pantalla-2026-04-08-111613-600x483.png 600w, https:\/\/cerclezero.cat\/wp-content\/uploads\/2026\/04\/Captura-de-pantalla-2026-04-08-111613.png 678w\" sizes=\"auto, (max-width: 300px) 100vw, 300px\" \/><\/p>\n","protected":false},"excerpt":{"rendered":"<p>Repensamos y transformamos ropa para convertirla en creaciones originales y llenas de personalidad.<\/p>\n<p>Podr\u00e1s encontrar ropa para el taller en el Mercado Circular de Solidan\u00e7a que se celebra en Matar\u00f3 o traerla de casa. Durante la actividad, customizaremos la ropa con bordados, botones, cintas, retales de tela, flecos y otros detalles, aportando un toque \u00fanico y creativo que har\u00e1 que cada prenda destaque. <\/p>\n<p>Tambi\u00e9n os podr\u00e9is pasar por la Desfile de moda sostenible a las 12:00.<\/p>\n<p>No hace falta inscripci\u00f3n previa, solo hay que pasar por el puesto y participar en el momento. Es una actividad pr\u00e1ctica y abierta a todos, donde podr\u00e1s experimentar con texturas, colores y formas, transformando la ropa en dise\u00f1os originales y sostenibles, mientras fomentamos la reutilizaci\u00f3n y el consumo responsable. <\/p>\n","protected":false},"featured_media":1960,"comment_status":"closed","ping_status":"closed","template":"","meta":{"_acf_changed":false,"_kad_blocks_custom_css":"","_kad_blocks_head_custom_js":"","_kad_blocks_body_custom_js":"","_kad_blocks_footer_custom_js":"","_kad_post_transparent":"default","_kad_post_title":"","_kad_post_layout":"default","_kad_post_sidebar_id":"","_kad_post_content_style":"default","_kad_post_vertical_padding":"default","_kad_post_feature":"","_kad_post_feature_position":"","_kad_post_header":false,"_kad_post_footer":false,"_kad_post_classname":""},"organitzador":[211],"poblacio":[177],"product_brand":[],"product_cat":[133,134,125,139],"product_tag":[],"class_list":{"0":"post-10346","1":"product","2":"type-product","3":"status-publish","4":"has-post-thumbnail","6":"organitzador-ayuntamiento-mataro","7":"poblacio-mataro-es","8":"product_cat-taller","9":"product_cat-textil","10":"product_cat-manualidades","11":"product_cat-reaprovechamiento","13":"first","14":"instock","15":"virtual","16":"product-type-simple","17":"entry","18":"content-bg","19":"loop-entry"},"booking_location":null,"booking_location_type":null,"booking_duration":null,"booking_duration_unit":null,"booking_buffer":null,"booking_cost":null,"booking_resources":null,"acf":[],"taxonomy_info":{"organitzador":[{"value":211,"label":"Ayuntamiento Matar\u00f3"}],"poblacio":[{"value":177,"label":"Matar\u00f3"}],"product_cat":[{"value":133,"label":"Taller"},{"value":134,"label":"Textil"},{"value":125,"label":"Manualidades"},{"value":139,"label":"Reaprovechamiento"}]},"featured_image_src_large":["https:\/\/cerclezero.cat\/wp-content\/uploads\/2024\/10\/Taller-Costura-1-1024x256.webp",1024,256,true],"author_info":[],"comment_info":0,"_links":{"self":[{"href":"https:\/\/cerclezero.cat\/es\/wp-json\/wp\/v2\/product\/10346","targetHints":{"allow":["GET"]}}],"collection":[{"href":"https:\/\/cerclezero.cat\/es\/wp-json\/wp\/v2\/product"}],"about":[{"href":"https:\/\/cerclezero.cat\/es\/wp-json\/wp\/v2\/types\/product"}],"replies":[{"embeddable":true,"href":"https:\/\/cerclezero.cat\/es\/wp-json\/wp\/v2\/comments?post=10346"}],"wp:featuredmedia":[{"embeddable":true,"href":"https:\/\/cerclezero.cat\/es\/wp-json\/wp\/v2\/media\/1960"}],"wp:attachment":[{"href":"https:\/\/cerclezero.cat\/es\/wp-json\/wp\/v2\/media?parent=10346"}],"wp:term":[{"taxonomy":"organitzador","embeddable":true,"href":"https:\/\/cerclezero.cat\/es\/wp-json\/wp\/v2\/organitzador?post=10346"},{"taxonomy":"poblacio","embeddable":true,"href":"https:\/\/cerclezero.cat\/es\/wp-json\/wp\/v2\/poblacio?post=10346"},{"taxonomy":"product_brand","embeddable":true,"href":"https:\/\/cerclezero.cat\/es\/wp-json\/wp\/v2\/product_brand?post=10346"},{"taxonomy":"product_cat","embeddable":true,"href":"https:\/\/cerclezero.cat\/es\/wp-json\/wp\/v2\/product_cat?post=10346"},{"taxonomy":"product_tag","embeddable":true,"href":"https:\/\/cerclezero.cat\/es\/wp-json\/wp\/v2\/product_tag?post=10346"}],"curies":[{"name":"wp","href":"https:\/\/api.w.org\/{rel}","templated":true}]}}