{"id":10705,"date":"2026-04-22T14:40:14","date_gmt":"2026-04-22T12:40:14","guid":{"rendered":"https:\/\/cerclezero.cat\/reparatruck-premia-de-mar-repara-tus-raees-y-bicicletas\/"},"modified":"2026-04-22T14:40:14","modified_gmt":"2026-04-22T12:40:14","slug":"reparatruck-premia-de-mar-repara-tus-raees-y-bicicletas","status":"publish","type":"product","link":"https:\/\/cerclezero.cat\/es\/reparatruck-premia-de-mar-repara-tus-raees-y-bicicletas\/","title":{"rendered":"Reparatruck [Premi\u00e0 de Mar] &#8211; Repara tus RAEE&#8217;s y Bicicletas"},"content":{"rendered":"<p><a href=\"https:\/\/maps.app.goo.gl\/6exYuN72LWqvNech8\" target=\"_blank\" rel=\"noopener\">https:\/\/maps.app.goo.gl\/6exYuN72LWqvNech8<\/a><\/p>\n","protected":false},"excerpt":{"rendered":"<p>La Reparatruck es un servicio de reparaci\u00f3n de RAEE&#8217;s (Residuos de Aparatos El\u00e9ctricos y Electr\u00f3nicos) y Bicicletas. Se pone a disposici\u00f3n una furgoneta y un t\u00e9cnico\/a con el material necesario para reparar tus objetos.<\/p>\n<ul>\n<li><strong>Fecha<\/strong> : 14 de junio<\/li>\n<li><strong>Horario<\/strong> : por la ma\u00f1ana de 10.30ha 13.30h<\/li>\n<li><strong>Es necesario llevar:<\/strong> 1 objeto para reparar<\/li>\n<\/ul>\n<p><em><strong>\u00a1Cuidado!<\/strong> Escoge el d\u00eda <strong>(color LILA)<\/strong> y coge <strong>1 plaza por persona y franja horaria.<\/strong><\/em><\/p>\n","protected":false},"featured_media":3159,"comment_status":"closed","ping_status":"closed","template":"","meta":{"_acf_changed":false,"_kad_blocks_custom_css":"","_kad_blocks_head_custom_js":"","_kad_blocks_body_custom_js":"","_kad_blocks_footer_custom_js":"","_kad_post_transparent":"","_kad_post_title":"","_kad_post_layout":"","_kad_post_sidebar_id":"","_kad_post_content_style":"","_kad_post_vertical_padding":"","_kad_post_feature":"","_kad_post_feature_position":"","_kad_post_header":false,"_kad_post_footer":false,"_kad_post_classname":""},"organitzador":[244],"poblacio":[162],"product_brand":[],"product_cat":[57],"product_tag":[],"class_list":{"0":"post-10705","1":"product","2":"type-product","3":"status-publish","4":"has-post-thumbnail","6":"organitzador-premia-servicios-municipales","7":"poblacio-premia-de-mar-es","8":"product_cat-reparatruck-es","10":"first","11":"instock","12":"virtual","13":"sold-individually","14":"purchasable","15":"product-type-booking","16":"entry","17":"content-bg","18":"loop-entry"},"booking_location":"","booking_location_type":"","booking_duration":30,"booking_duration_unit":"minute","booking_buffer":0,"booking_cost":0,"booking_resources":[],"acf":[],"taxonomy_info":{"organitzador":[{"value":244,"label":"Premi\u00e1 Servicios Municipales"}],"poblacio":[{"value":162,"label":"Premi\u00e0 de Mar"}],"product_cat":[{"value":57,"label":"Reparatruck"}]},"featured_image_src_large":["https:\/\/cerclezero.cat\/wp-content\/uploads\/2024\/11\/Reparatruck-1-1024x256.jpg",1024,256,true],"author_info":[],"comment_info":0,"_links":{"self":[{"href":"https:\/\/cerclezero.cat\/es\/wp-json\/wp\/v2\/product\/10705","targetHints":{"allow":["GET"]}}],"collection":[{"href":"https:\/\/cerclezero.cat\/es\/wp-json\/wp\/v2\/product"}],"about":[{"href":"https:\/\/cerclezero.cat\/es\/wp-json\/wp\/v2\/types\/product"}],"replies":[{"embeddable":true,"href":"https:\/\/cerclezero.cat\/es\/wp-json\/wp\/v2\/comments?post=10705"}],"wp:featuredmedia":[{"embeddable":true,"href":"https:\/\/cerclezero.cat\/es\/wp-json\/wp\/v2\/media\/3159"}],"wp:attachment":[{"href":"https:\/\/cerclezero.cat\/es\/wp-json\/wp\/v2\/media?parent=10705"}],"wp:term":[{"taxonomy":"organitzador","embeddable":true,"href":"https:\/\/cerclezero.cat\/es\/wp-json\/wp\/v2\/organitzador?post=10705"},{"taxonomy":"poblacio","embeddable":true,"href":"https:\/\/cerclezero.cat\/es\/wp-json\/wp\/v2\/poblacio?post=10705"},{"taxonomy":"product_brand","embeddable":true,"href":"https:\/\/cerclezero.cat\/es\/wp-json\/wp\/v2\/product_brand?post=10705"},{"taxonomy":"product_cat","embeddable":true,"href":"https:\/\/cerclezero.cat\/es\/wp-json\/wp\/v2\/product_cat?post=10705"},{"taxonomy":"product_tag","embeddable":true,"href":"https:\/\/cerclezero.cat\/es\/wp-json\/wp\/v2\/product_tag?post=10705"}],"curies":[{"name":"wp","href":"https:\/\/api.w.org\/{rel}","templated":true}]}}