{"id":8561,"date":"2025-12-23T09:54:36","date_gmt":"2025-12-23T08:54:36","guid":{"rendered":"https:\/\/cerclezero.cat\/?post_type=product&#038;p=8561"},"modified":"2026-01-15T07:44:30","modified_gmt":"2026-01-15T06:44:30","slug":"dimecres-manetesrubi-tardes-copia-2","status":"publish","type":"product","link":"https:\/\/cerclezero.cat\/es\/dimecres-manetesrubi-tardes-copia-2\/","title":{"rendered":"Dimecres Manetes [Rub\u00ed]"},"content":{"rendered":"<p><iframe loading=\"lazy\" style=\"border: 0;\" src=\"https:\/\/www.google.com\/maps\/embed?pb=!1m14!1m8!1m3!1d747.1352007387353!2d2.033021!3d41.492554!3m2!1i1024!2i768!4f13.1!3m3!1m2!1s0x12a49170bbb984f1%3A0x7eb8d468dd11409f!2sCarrer%20de%20Xile%2C%201%2C%2008191%20Rub%C3%AD%2C%20Barcelona%2C%20Espa%C3%B1a!5e0!3m2!1ses!2sus!4v1728486596119!5m2!1ses!2sus\" width=\"600\" height=\"450\" allowfullscreen=\"allowfullscreen\"><span data-mce-type=\"bookmark\" style=\"display: inline-block; width: 0px; overflow: hidden; line-height: 0;\" class=\"mce_SELRES_start\"><\/span><\/iframe><\/p>\n","protected":false},"excerpt":{"rendered":"<p>El Dimecres Manetes es un espacio de reparaci\u00f3n de peque\u00f1os electrodom\u00e9sticos con un t\u00e9cnico\/a experto y todo el material necesario para reparar tus objetos.<\/p>\n<ul>\n<li><strong>Fechas<\/strong> : del 7 de enero al 23 de diciembre<\/li>\n<li><strong>Horario<\/strong> : Semanalmente los mi\u00e9rcoles por la tarde de <strong>17h a 20h<\/strong><\/li>\n<li><strong>\u00a1ALERTA!<\/strong> 1\u00ba Mi\u00e9rcoles del mes por la <strong>ma\u00f1ana de 10h a 13h<\/strong><\/li>\n<\/ul>\n<p><strong>Es necesario llevar:<\/strong> Objeto para reparar<\/p>\n<p><strong>Inscripciones<\/strong> : A trav\u00e9s del link <a href=\"http:\/\/rubi.cat\/dimecresmanetes\">http:\/\/rubi.cat\/dimecresmanetes<\/a><\/p>\n","protected":false},"featured_media":1594,"comment_status":"closed","ping_status":"closed","template":"","meta":{"_acf_changed":false,"_kad_blocks_custom_css":"","_kad_blocks_head_custom_js":"","_kad_blocks_body_custom_js":"","_kad_blocks_footer_custom_js":"","_kad_post_transparent":"default","_kad_post_title":"","_kad_post_layout":"default","_kad_post_sidebar_id":"","_kad_post_content_style":"default","_kad_post_vertical_padding":"default","_kad_post_feature":"","_kad_post_feature_position":"","_kad_post_header":false,"_kad_post_footer":false,"_kad_post_classname":""},"organitzador":[144],"poblacio":[151],"product_brand":[],"product_cat":[138,140],"product_tag":[127],"class_list":{"0":"post-8561","1":"product","2":"type-product","3":"status-publish","4":"has-post-thumbnail","6":"organitzador-ajuntament-rubi-es","7":"poblacio-rubi-es","8":"product_cat-pequenos-electrodomesticos","9":"product_cat-servicio-autorreparacion","10":"product_tag-reservaexterna-es","12":"first","13":"instock","14":"virtual","15":"sold-individually","16":"purchasable","17":"product-type-booking","18":"entry","19":"content-bg","20":"loop-entry"},"booking_location":"","booking_location_type":"","booking_duration":1,"booking_duration_unit":"day","booking_buffer":0,"booking_cost":0,"booking_resources":[],"acf":[],"taxonomy_info":{"organitzador":[{"value":144,"label":"Ajuntament Rub\u00ed"}],"poblacio":[{"value":151,"label":"Rub\u00ed"}],"product_cat":[{"value":138,"label":"Peque\u00f1os Electrodom\u00e9sticos"},{"value":140,"label":"Servicio Autorreparaci\u00f3n"}],"product_tag":[{"value":127,"label":"reservaexterna"}]},"featured_image_src_large":["https:\/\/cerclezero.cat\/wp-content\/uploads\/2024\/07\/Dimecres-Manetes-1-1024x256.webp",1024,256,true],"author_info":[],"comment_info":0,"_links":{"self":[{"href":"https:\/\/cerclezero.cat\/es\/wp-json\/wp\/v2\/product\/8561","targetHints":{"allow":["GET"]}}],"collection":[{"href":"https:\/\/cerclezero.cat\/es\/wp-json\/wp\/v2\/product"}],"about":[{"href":"https:\/\/cerclezero.cat\/es\/wp-json\/wp\/v2\/types\/product"}],"replies":[{"embeddable":true,"href":"https:\/\/cerclezero.cat\/es\/wp-json\/wp\/v2\/comments?post=8561"}],"wp:featuredmedia":[{"embeddable":true,"href":"https:\/\/cerclezero.cat\/es\/wp-json\/wp\/v2\/media\/1594"}],"wp:attachment":[{"href":"https:\/\/cerclezero.cat\/es\/wp-json\/wp\/v2\/media?parent=8561"}],"wp:term":[{"taxonomy":"organitzador","embeddable":true,"href":"https:\/\/cerclezero.cat\/es\/wp-json\/wp\/v2\/organitzador?post=8561"},{"taxonomy":"poblacio","embeddable":true,"href":"https:\/\/cerclezero.cat\/es\/wp-json\/wp\/v2\/poblacio?post=8561"},{"taxonomy":"product_brand","embeddable":true,"href":"https:\/\/cerclezero.cat\/es\/wp-json\/wp\/v2\/product_brand?post=8561"},{"taxonomy":"product_cat","embeddable":true,"href":"https:\/\/cerclezero.cat\/es\/wp-json\/wp\/v2\/product_cat?post=8561"},{"taxonomy":"product_tag","embeddable":true,"href":"https:\/\/cerclezero.cat\/es\/wp-json\/wp\/v2\/product_tag?post=8561"}],"curies":[{"name":"wp","href":"https:\/\/api.w.org\/{rel}","templated":true}]}}