{"id":8579,"date":"2026-01-12T11:41:06","date_gmt":"2026-01-12T10:41:06","guid":{"rendered":"https:\/\/cerclezero.cat\/?post_type=product&#038;p=8579"},"modified":"2026-01-15T08:40:21","modified_gmt":"2026-01-15T07:40:21","slug":"reparatruck-barcelona-horta-guinardo-copia","status":"publish","type":"product","link":"https:\/\/cerclezero.cat\/es\/reparatruck-barcelona-horta-guinardo-copia\/","title":{"rendered":"Reparatruck [Barcelona] &#8211; Horta-Guinard\u00f3"},"content":{"rendered":"<p><iframe loading=\"lazy\" style=\"border: 0;\" src=\"https:\/\/www.google.com\/maps\/embed?pb=!1m18!1m12!1m3!1d2991.5228286894553!2d2.1550704125966025!3d41.42787587117507!2m3!1f0!2f0!3f0!3m2!1i1024!2i768!4f13.1!3m3!1m2!1s0x12a4bd4ef0c60537%3A0x522bb4ed898a0b74!2sPunto%20Verde%20de%20Horta-Carmelo!5e0!3m2!1ses!2ses!4v1736358813861!5m2!1ses!2ses\" width=\"600\" height=\"450\" allowfullscreen=\"allowfullscreen\"><\/iframe><\/p>\n","protected":false},"excerpt":{"rendered":"<p>La Reparatruck es un servicio de reparaci\u00f3n de RAEE&#8217;s (Residuos de Aparatos El\u00e9ctricos y Electr\u00f3nicos) y Bicicletas. Se pone a disposici\u00f3n una furgoneta y un t\u00e9cnico\/a con el material necesario para reparar tus objetos.<\/p>\n<ul>\n<li><strong>Fechas<\/strong> : del 20 de enero al 15 de diciembre<\/li>\n<li><strong>Horario<\/strong> : Quincenalmente los martes por la tarde de enero-marzo y octubre-diciembre ( <strong>16h a 19h<\/strong> ) y de abril-septiembre ( <strong>17h a 20h<\/strong> )<\/li>\n<li><strong>Es necesario llevar:<\/strong> 1 objeto para reparar<\/li>\n<\/ul>\n<p><em><strong>\u00a1Cuidado!<\/strong> Escoge el d\u00eda <strong>(color LILA)<\/strong> y coge <strong>1 plaza por persona y franja horaria.<\/strong><\/em><\/p>\n","protected":false},"featured_media":1670,"comment_status":"closed","ping_status":"closed","template":"","meta":{"_acf_changed":false,"_kad_blocks_custom_css":"","_kad_blocks_head_custom_js":"","_kad_blocks_body_custom_js":"","_kad_blocks_footer_custom_js":"","_kad_post_transparent":"default","_kad_post_title":"","_kad_post_layout":"default","_kad_post_sidebar_id":"","_kad_post_content_style":"default","_kad_post_vertical_padding":"default","_kad_post_feature":"","_kad_post_feature_position":"","_kad_post_header":false,"_kad_post_footer":false,"_kad_post_classname":""},"organitzador":[155],"poblacio":[43],"product_brand":[],"product_cat":[57,117,138,141],"product_tag":[],"class_list":{"0":"post-8579","1":"product","2":"type-product","3":"status-publish","4":"has-post-thumbnail","6":"organitzador-ayuntamiento-barcelona","7":"poblacio-barcelona","8":"product_cat-reparatruck-es","9":"product_cat-bicicletas","10":"product_cat-pequenos-electrodomesticos","11":"product_cat-tic-es","13":"first","14":"instock","15":"virtual","16":"sold-individually","17":"purchasable","18":"product-type-booking","19":"entry","20":"content-bg","21":"loop-entry"},"booking_location":"","booking_location_type":"","booking_duration":30,"booking_duration_unit":"minute","booking_buffer":0,"booking_cost":0,"booking_resources":[],"acf":[],"taxonomy_info":{"organitzador":[{"value":155,"label":"Ayuntamiento Barcelona"}],"poblacio":[{"value":43,"label":"Barcelona"}],"product_cat":[{"value":57,"label":"Reparatruck"},{"value":117,"label":"Bicicletas"},{"value":138,"label":"Peque\u00f1os Electrodom\u00e9sticos"},{"value":141,"label":"TIC"}]},"featured_image_src_large":["https:\/\/cerclezero.cat\/wp-content\/uploads\/2024\/07\/Reparatruck-1-1024x256.webp",1024,256,true],"author_info":[],"comment_info":0,"_links":{"self":[{"href":"https:\/\/cerclezero.cat\/es\/wp-json\/wp\/v2\/product\/8579","targetHints":{"allow":["GET"]}}],"collection":[{"href":"https:\/\/cerclezero.cat\/es\/wp-json\/wp\/v2\/product"}],"about":[{"href":"https:\/\/cerclezero.cat\/es\/wp-json\/wp\/v2\/types\/product"}],"replies":[{"embeddable":true,"href":"https:\/\/cerclezero.cat\/es\/wp-json\/wp\/v2\/comments?post=8579"}],"wp:featuredmedia":[{"embeddable":true,"href":"https:\/\/cerclezero.cat\/es\/wp-json\/wp\/v2\/media\/1670"}],"wp:attachment":[{"href":"https:\/\/cerclezero.cat\/es\/wp-json\/wp\/v2\/media?parent=8579"}],"wp:term":[{"taxonomy":"organitzador","embeddable":true,"href":"https:\/\/cerclezero.cat\/es\/wp-json\/wp\/v2\/organitzador?post=8579"},{"taxonomy":"poblacio","embeddable":true,"href":"https:\/\/cerclezero.cat\/es\/wp-json\/wp\/v2\/poblacio?post=8579"},{"taxonomy":"product_brand","embeddable":true,"href":"https:\/\/cerclezero.cat\/es\/wp-json\/wp\/v2\/product_brand?post=8579"},{"taxonomy":"product_cat","embeddable":true,"href":"https:\/\/cerclezero.cat\/es\/wp-json\/wp\/v2\/product_cat?post=8579"},{"taxonomy":"product_tag","embeddable":true,"href":"https:\/\/cerclezero.cat\/es\/wp-json\/wp\/v2\/product_tag?post=8579"}],"curies":[{"name":"wp","href":"https:\/\/api.w.org\/{rel}","templated":true}]}}