{"id":8601,"date":"2026-01-12T14:01:31","date_gmt":"2026-01-12T13:01:31","guid":{"rendered":"https:\/\/cerclezero.cat\/?post_type=product&#038;p=8601"},"modified":"2026-01-15T08:40:44","modified_gmt":"2026-01-15T07:40:44","slug":"servicio-autorreparacionviladecans-raees-copia","status":"publish","type":"product","link":"https:\/\/cerclezero.cat\/es\/servicio-autorreparacionviladecans-raees-copia\/","title":{"rendered":"Servicio Autorreparaci\u00f3n [Viladecans] &#8211; RAEE&#8217;s"},"content":{"rendered":"<p><iframe loading=\"lazy\" style=\"border: 0;\" src=\"https:\/\/www.google.com\/maps\/embed?pb=!1m18!1m12!1m3!1d5994.159177699028!2d2.017629577024854!3d41.30713217131024!2m3!1f0!2f0!3f0!3m2!1i1024!2i768!4f13.1!3m3!1m2!1s0x12a49cfb2ee89b7f%3A0x882c33a67e99a992!2sDeixalleria%20Viladecans!5e0!3m2!1ses!2ses!4v1730908959774!5m2!1ses!2ses\" width=\"600\" height=\"450\" allowfullscreen=\"allowfullscreen\"><\/iframe><\/p>\n","protected":false},"excerpt":{"rendered":"<p>Servicio de Autorreparaci\u00f3n de RAEE con un t\u00e9cnico\/a experto y todo el material necesario para reparar tus objetos (aparatos el\u00e9ctricos y electr\u00f3nicos)<\/p>\n<ul>\n<li><strong>Fechas<\/strong> : del 30 de enero al 18 de diciembre<\/li>\n<li><strong>Horario<\/strong> : Quincenalmente viernes por la tarde de 16h a 19h<\/li>\n<li><strong>Es necesario llevar:<\/strong> Objetos para reparar<\/li>\n<\/ul>\n<p><em><strong>\u00a1Cuidado!<\/strong> Elige el d\u00eda <strong>(color LILA)<\/strong> y coge <strong>1 plaza por persona y franja horaria.<\/strong> Es necesario llevar la <strong>ropa limpia<\/strong><\/em><\/p>\n","protected":false},"featured_media":1767,"comment_status":"closed","ping_status":"closed","template":"","meta":{"_acf_changed":false,"_kad_blocks_custom_css":"","_kad_blocks_head_custom_js":"","_kad_blocks_body_custom_js":"","_kad_blocks_footer_custom_js":"","_kad_post_transparent":"default","_kad_post_title":"","_kad_post_layout":"default","_kad_post_sidebar_id":"","_kad_post_content_style":"default","_kad_post_vertical_padding":"default","_kad_post_feature":"","_kad_post_feature_position":"","_kad_post_header":false,"_kad_post_footer":false,"_kad_post_classname":""},"organitzador":[145],"poblacio":[60],"product_brand":[],"product_cat":[138,140],"product_tag":[],"class_list":{"0":"post-8601","1":"product","2":"type-product","3":"status-publish","4":"has-post-thumbnail","6":"organitzador-ajuntament-viladecans-es","7":"poblacio-viladecans","8":"product_cat-pequenos-electrodomesticos","9":"product_cat-servicio-autorreparacion","11":"first","12":"instock","13":"virtual","14":"sold-individually","15":"purchasable","16":"product-type-booking","17":"entry","18":"content-bg","19":"loop-entry"},"booking_location":"","booking_location_type":"","booking_duration":45,"booking_duration_unit":"minute","booking_buffer":0,"booking_cost":0,"booking_resources":[],"acf":[],"taxonomy_info":{"organitzador":[{"value":145,"label":"Ajuntament Viladecans"}],"poblacio":[{"value":60,"label":"Viladecans"}],"product_cat":[{"value":138,"label":"Peque\u00f1os Electrodom\u00e9sticos"},{"value":140,"label":"Servicio Autorreparaci\u00f3n"}]},"featured_image_src_large":["https:\/\/cerclezero.cat\/wp-content\/uploads\/2024\/07\/SA-RAEEs-1-1024x256.webp",1024,256,true],"author_info":[],"comment_info":0,"_links":{"self":[{"href":"https:\/\/cerclezero.cat\/es\/wp-json\/wp\/v2\/product\/8601","targetHints":{"allow":["GET"]}}],"collection":[{"href":"https:\/\/cerclezero.cat\/es\/wp-json\/wp\/v2\/product"}],"about":[{"href":"https:\/\/cerclezero.cat\/es\/wp-json\/wp\/v2\/types\/product"}],"replies":[{"embeddable":true,"href":"https:\/\/cerclezero.cat\/es\/wp-json\/wp\/v2\/comments?post=8601"}],"wp:featuredmedia":[{"embeddable":true,"href":"https:\/\/cerclezero.cat\/es\/wp-json\/wp\/v2\/media\/1767"}],"wp:attachment":[{"href":"https:\/\/cerclezero.cat\/es\/wp-json\/wp\/v2\/media?parent=8601"}],"wp:term":[{"taxonomy":"organitzador","embeddable":true,"href":"https:\/\/cerclezero.cat\/es\/wp-json\/wp\/v2\/organitzador?post=8601"},{"taxonomy":"poblacio","embeddable":true,"href":"https:\/\/cerclezero.cat\/es\/wp-json\/wp\/v2\/poblacio?post=8601"},{"taxonomy":"product_brand","embeddable":true,"href":"https:\/\/cerclezero.cat\/es\/wp-json\/wp\/v2\/product_brand?post=8601"},{"taxonomy":"product_cat","embeddable":true,"href":"https:\/\/cerclezero.cat\/es\/wp-json\/wp\/v2\/product_cat?post=8601"},{"taxonomy":"product_tag","embeddable":true,"href":"https:\/\/cerclezero.cat\/es\/wp-json\/wp\/v2\/product_tag?post=8601"}],"curies":[{"name":"wp","href":"https:\/\/api.w.org\/{rel}","templated":true}]}}