{"id":8761,"date":"2026-01-14T16:59:26","date_gmt":"2026-01-14T15:59:26","guid":{"rendered":"https:\/\/cerclezero.cat\/?post_type=product&#038;p=8761"},"modified":"2026-01-15T08:41:25","modified_gmt":"2026-01-15T07:41:25","slug":"servicio-autorreparacion-mataro-mantenimiento-hogar-copia","status":"publish","type":"product","link":"https:\/\/cerclezero.cat\/es\/servicio-autorreparacion-mataro-mantenimiento-hogar-copia\/","title":{"rendered":"Servicio Autorreparaci\u00f3n [Matar\u00f3] &#8211; Mantenimiento Hogar"},"content":{"rendered":"<p><iframe loading=\"lazy\" src=\"https:\/\/www.google.com\/maps\/d\/u\/0\/embed?mid=1T-KNXQe8FsKPbWHR-sENs5eY1bWTECg&amp;ehbc=2E312F\" width=\"640\" height=\"480\"><\/iframe><\/p>\n","protected":false},"excerpt":{"rendered":"<p data-pm-slice=\"1 1 []\"><strong>Electricidad<\/strong> : Consejos, t\u00e9cnicas y seguridad en el mantenimiento de cables, enchufes e instalaci\u00f3n el\u00e9ctrica del hogar (Ejemplos: cambio de enchufes quemados, empalmas de cables rotos&#8230;)<\/p>\n<p><strong>Fontaner\u00eda<\/strong> : Consejos para mantenimiento y peque\u00f1as reparaciones (ejemplos: grifos que pierden agua, tuber\u00edas con cal, cisternas que no funcionan&#8230;)<\/p>\n<p><strong>Bricolaje<\/strong> : Mantenimiento y peque\u00f1as reparaciones de muebles de uso diario (Ejemplos: patas de sillas o rotas, bisagras, cajones rotos&#8230;)<\/p>\n<ul>\n<li><strong>Centro C\u00edvico Pla d&#8217;en Boet (naranja)<\/strong> : 6 de febrero<\/li>\n<li><strong>Centro C\u00edvico Rocafonda-Palau (azul)<\/strong> : 6 de marzo<\/li>\n<li><strong>Centro C\u00edvico Espai Gatassa (Verde):<\/strong> 10 de abril<\/li>\n<li><strong>Centro C\u00edvico Molins (amarillo):<\/strong> 8 de mayo<\/li>\n<li><strong>Centro C\u00edvico Cabot y Barba (lila):<\/strong> 5 de junio<\/li>\n<\/ul>\n<p><strong><em>\u00a1Cuidado!<\/em><\/strong> <em>Tome<\/em> <strong><em>1 plaza<\/em><\/strong> <em>por persona y franja horaria ( <strong>fecha en color LILA<\/strong> ). Siempre que sea posible podr\u00e1 estar al servicio  <\/em><strong><em>hasta 1h 30min<\/em><\/strong><\/p>\n","protected":false},"featured_media":7150,"comment_status":"closed","ping_status":"closed","template":"","meta":{"_acf_changed":false,"_kad_blocks_custom_css":"","_kad_blocks_head_custom_js":"","_kad_blocks_body_custom_js":"","_kad_blocks_footer_custom_js":"","_kad_post_transparent":"default","_kad_post_title":"","_kad_post_layout":"default","_kad_post_sidebar_id":"","_kad_post_content_style":"default","_kad_post_vertical_padding":"default","_kad_post_feature":"","_kad_post_feature_position":"","_kad_post_header":false,"_kad_post_footer":false,"_kad_post_classname":""},"organitzador":[211],"poblacio":[177],"product_brand":[],"product_cat":[212,123,120,124,140],"product_tag":[],"class_list":{"0":"post-8761","1":"product","2":"type-product","3":"status-publish","4":"has-post-thumbnail","6":"organitzador-ayuntamiento-mataro","7":"poblacio-mataro-es","8":"product_cat-fontaneria-es","9":"product_cat-carpinteria","10":"product_cat-electricidad","11":"product_cat-mantenimiento","12":"product_cat-servicio-autorreparacion","14":"first","15":"instock","16":"virtual","17":"sold-individually","18":"purchasable","19":"product-type-booking","20":"entry","21":"content-bg","22":"loop-entry"},"booking_location":"","booking_location_type":"","booking_duration":30,"booking_duration_unit":"minute","booking_buffer":0,"booking_cost":0,"booking_resources":[],"acf":[],"taxonomy_info":{"organitzador":[{"value":211,"label":"Ayuntamiento Matar\u00f3"}],"poblacio":[{"value":177,"label":"Matar\u00f3"}],"product_cat":[{"value":212,"label":"Fontaner\u00eda"},{"value":123,"label":"Carpinter\u00eda"},{"value":120,"label":"Electricidad"},{"value":124,"label":"Mantenimiento"},{"value":140,"label":"Servicio Autorreparaci\u00f3n"}]},"featured_image_src_large":["https:\/\/cerclezero.cat\/wp-content\/uploads\/2025\/10\/SA-Manteniment-1024x256.png",1024,256,true],"author_info":[],"comment_info":0,"_links":{"self":[{"href":"https:\/\/cerclezero.cat\/es\/wp-json\/wp\/v2\/product\/8761","targetHints":{"allow":["GET"]}}],"collection":[{"href":"https:\/\/cerclezero.cat\/es\/wp-json\/wp\/v2\/product"}],"about":[{"href":"https:\/\/cerclezero.cat\/es\/wp-json\/wp\/v2\/types\/product"}],"replies":[{"embeddable":true,"href":"https:\/\/cerclezero.cat\/es\/wp-json\/wp\/v2\/comments?post=8761"}],"wp:featuredmedia":[{"embeddable":true,"href":"https:\/\/cerclezero.cat\/es\/wp-json\/wp\/v2\/media\/7150"}],"wp:attachment":[{"href":"https:\/\/cerclezero.cat\/es\/wp-json\/wp\/v2\/media?parent=8761"}],"wp:term":[{"taxonomy":"organitzador","embeddable":true,"href":"https:\/\/cerclezero.cat\/es\/wp-json\/wp\/v2\/organitzador?post=8761"},{"taxonomy":"poblacio","embeddable":true,"href":"https:\/\/cerclezero.cat\/es\/wp-json\/wp\/v2\/poblacio?post=8761"},{"taxonomy":"product_brand","embeddable":true,"href":"https:\/\/cerclezero.cat\/es\/wp-json\/wp\/v2\/product_brand?post=8761"},{"taxonomy":"product_cat","embeddable":true,"href":"https:\/\/cerclezero.cat\/es\/wp-json\/wp\/v2\/product_cat?post=8761"},{"taxonomy":"product_tag","embeddable":true,"href":"https:\/\/cerclezero.cat\/es\/wp-json\/wp\/v2\/product_tag?post=8761"}],"curies":[{"name":"wp","href":"https:\/\/api.w.org\/{rel}","templated":true}]}}