{"id":8770,"date":"2026-01-14T18:18:31","date_gmt":"2026-01-14T17:18:31","guid":{"rendered":"https:\/\/cerclezero.cat\/?post_type=product&#038;p=8770"},"modified":"2026-01-15T08:41:38","modified_gmt":"2026-01-15T07:41:38","slug":"servei-autoreparacio-mataro-bicicletes-copia","status":"publish","type":"product","link":"https:\/\/cerclezero.cat\/es\/servei-autoreparacio-mataro-bicicletes-copia\/","title":{"rendered":"Servei Autoreparaci\u00f3 [Matar\u00f3] &#8211; Bicicletes"},"content":{"rendered":"<p><iframe loading=\"lazy\" src=\"https:\/\/www.google.com\/maps\/d\/u\/0\/embed?mid=1T-KNXQe8FsKPbWHR-sENs5eY1bWTECg&amp;ehbc=2E312F\" width=\"640\" height=\"480\"><\/iframe><\/p>\n","protected":false},"excerpt":{"rendered":"<p>Servei d&#8217;Autorreparaci\u00f3 de bicicletes amb un t\u00e8cnic\/a expert i tot el material necessari per fer manteniment i reparar la teva bicicleta<\/p>\n<ul>\n<li><strong>Centro C\u00edvico Rocafonda-Palau (azul)<\/strong> : 10 de febrero<\/li>\n<li><strong>Centro C\u00edvico Espai Gatassa (Verde):<\/strong> 10 de marzo<\/li>\n<li><strong>Centro C\u00edvico Rocafonda-Palau (azul)<\/strong> : 14 de abril<\/li>\n<li><strong>Centro C\u00edvico Cabot y Barba (lila):<\/strong> 12 de mayo<\/li>\n<li><strong>Centro C\u00edvico Molins (amarillo):<\/strong> 9 de junio<\/li>\n<\/ul>\n<p><strong>Cal portar<\/strong>: bicicleta<\/p>\n<p><strong><em>\u00a1Cuidado!<\/em><\/strong> <em>Tome<\/em> <strong><em>1 plaza<\/em><\/strong> <em>por persona y franja horaria ( <strong>fecha en color LILA<\/strong> ). Siempre que sea posible podr\u00e1 estar al servicio   <\/em><strong><em>hasta 1h 30min<\/em><\/strong><\/p>\n","protected":false},"featured_media":7148,"comment_status":"closed","ping_status":"closed","template":"","meta":{"_acf_changed":false,"_kad_blocks_custom_css":"","_kad_blocks_head_custom_js":"","_kad_blocks_body_custom_js":"","_kad_blocks_footer_custom_js":"","_kad_post_transparent":"default","_kad_post_title":"","_kad_post_layout":"default","_kad_post_sidebar_id":"","_kad_post_content_style":"default","_kad_post_vertical_padding":"default","_kad_post_feature":"","_kad_post_feature_position":"","_kad_post_header":false,"_kad_post_footer":false,"_kad_post_classname":""},"organitzador":[211],"poblacio":[177],"product_brand":[],"product_cat":[117,140],"product_tag":[],"class_list":{"0":"post-8770","1":"product","2":"type-product","3":"status-publish","4":"has-post-thumbnail","6":"organitzador-ayuntamiento-mataro","7":"poblacio-mataro-es","8":"product_cat-bicicletas","9":"product_cat-servicio-autorreparacion","11":"first","12":"instock","13":"virtual","14":"sold-individually","15":"purchasable","16":"product-type-booking","17":"entry","18":"content-bg","19":"loop-entry"},"booking_location":"","booking_location_type":"","booking_duration":30,"booking_duration_unit":"minute","booking_buffer":0,"booking_cost":0,"booking_resources":[],"acf":[],"taxonomy_info":{"organitzador":[{"value":211,"label":"Ayuntamiento Matar\u00f3"}],"poblacio":[{"value":177,"label":"Matar\u00f3"}],"product_cat":[{"value":117,"label":"Bicicletas"},{"value":140,"label":"Servicio Autorreparaci\u00f3n"}]},"featured_image_src_large":["https:\/\/cerclezero.cat\/wp-content\/uploads\/2025\/10\/SA-Bicicletes-1024x256.jpg",1024,256,true],"author_info":[],"comment_info":0,"_links":{"self":[{"href":"https:\/\/cerclezero.cat\/es\/wp-json\/wp\/v2\/product\/8770","targetHints":{"allow":["GET"]}}],"collection":[{"href":"https:\/\/cerclezero.cat\/es\/wp-json\/wp\/v2\/product"}],"about":[{"href":"https:\/\/cerclezero.cat\/es\/wp-json\/wp\/v2\/types\/product"}],"replies":[{"embeddable":true,"href":"https:\/\/cerclezero.cat\/es\/wp-json\/wp\/v2\/comments?post=8770"}],"wp:featuredmedia":[{"embeddable":true,"href":"https:\/\/cerclezero.cat\/es\/wp-json\/wp\/v2\/media\/7148"}],"wp:attachment":[{"href":"https:\/\/cerclezero.cat\/es\/wp-json\/wp\/v2\/media?parent=8770"}],"wp:term":[{"taxonomy":"organitzador","embeddable":true,"href":"https:\/\/cerclezero.cat\/es\/wp-json\/wp\/v2\/organitzador?post=8770"},{"taxonomy":"poblacio","embeddable":true,"href":"https:\/\/cerclezero.cat\/es\/wp-json\/wp\/v2\/poblacio?post=8770"},{"taxonomy":"product_brand","embeddable":true,"href":"https:\/\/cerclezero.cat\/es\/wp-json\/wp\/v2\/product_brand?post=8770"},{"taxonomy":"product_cat","embeddable":true,"href":"https:\/\/cerclezero.cat\/es\/wp-json\/wp\/v2\/product_cat?post=8770"},{"taxonomy":"product_tag","embeddable":true,"href":"https:\/\/cerclezero.cat\/es\/wp-json\/wp\/v2\/product_tag?post=8770"}],"curies":[{"name":"wp","href":"https:\/\/api.w.org\/{rel}","templated":true}]}}