{"id":8774,"date":"2026-01-14T18:31:47","date_gmt":"2026-01-14T17:31:47","guid":{"rendered":"https:\/\/cerclezero.cat\/?post_type=product&#038;p=8774"},"modified":"2026-01-15T08:42:51","modified_gmt":"2026-01-15T07:42:51","slug":"servicio-autorreparacion-mataro-raees-copia","status":"publish","type":"product","link":"https:\/\/cerclezero.cat\/es\/servicio-autorreparacion-mataro-raees-copia\/","title":{"rendered":"Servicio Autorreparaci\u00f3n [Matar\u00f3] &#8211; RAEE&#8217;s"},"content":{"rendered":"<p><iframe loading=\"lazy\" src=\"https:\/\/www.google.com\/maps\/d\/u\/0\/embed?mid=1T-KNXQe8FsKPbWHR-sENs5eY1bWTECg&amp;ehbc=2E312F\" width=\"640\" height=\"480\"><\/iframe><\/p>\n","protected":false},"excerpt":{"rendered":"<p>Servicio de Autorreparaci\u00f3n de RAEE&#8217;s con un t\u00e9cnico\/a experto y todo el material necesario para realizar reparaciones de aparatos el\u00e9ctricos y electr\u00f3nicos (peque\u00f1os electrodom\u00e9sticos, m\u00f3viles, tabletas, ordenadores&#8230;) y tambi\u00e9n mantenimiento y consejos de Software<\/p>\n<ul>\n<li><strong>Centro C\u00edvico Molins (amarillo):<\/strong> 26 de febrero<\/li>\n<li><strong>Centro C\u00edvico Cabot y Barba (lila):<\/strong> 26 de marzo<\/li>\n<li><strong>Centro C\u00edvico Pla d&#8217;en Boet (naranja)<\/strong> : 30 de abril<\/li>\n<li><strong>Centro C\u00edvico Espai Gatassa (Verde):<\/strong> 28 de mayo<\/li>\n<li><strong>Centro C\u00edvico Pla d&#8217;en Boet (naranja)<\/strong> : 25 de junio<\/li>\n<\/ul>\n<p><strong>Hay que llevar<\/strong> : 1-3 aparatos para reparar<\/p>\n<p><strong><em>\u00a1Cuidado!<\/em><\/strong> <em>Tome<\/em> <strong><em>1 plaza<\/em><\/strong> <em>por persona y franja horaria ( <strong>fecha en color LILA<\/strong> ). Siempre que sea posible podr\u00e1 estar al servicio   <\/em><strong><em>hasta 1h 30min<\/em><\/strong><\/p>\n","protected":false},"featured_media":1767,"comment_status":"closed","ping_status":"closed","template":"","meta":{"_acf_changed":false,"_kad_blocks_custom_css":"","_kad_blocks_head_custom_js":"","_kad_blocks_body_custom_js":"","_kad_blocks_footer_custom_js":"","_kad_post_transparent":"default","_kad_post_title":"","_kad_post_layout":"default","_kad_post_sidebar_id":"","_kad_post_content_style":"default","_kad_post_vertical_padding":"default","_kad_post_feature":"","_kad_post_feature_position":"","_kad_post_header":false,"_kad_post_footer":false,"_kad_post_classname":""},"organitzador":[211],"poblacio":[177],"product_brand":[],"product_cat":[138,140,141],"product_tag":[],"class_list":{"0":"post-8774","1":"product","2":"type-product","3":"status-publish","4":"has-post-thumbnail","6":"organitzador-ayuntamiento-mataro","7":"poblacio-mataro-es","8":"product_cat-pequenos-electrodomesticos","9":"product_cat-servicio-autorreparacion","10":"product_cat-tic-es","12":"first","13":"instock","14":"virtual","15":"sold-individually","16":"purchasable","17":"product-type-booking","18":"entry","19":"content-bg","20":"loop-entry"},"booking_location":"","booking_location_type":"","booking_duration":30,"booking_duration_unit":"minute","booking_buffer":0,"booking_cost":0,"booking_resources":[],"acf":[],"taxonomy_info":{"organitzador":[{"value":211,"label":"Ayuntamiento Matar\u00f3"}],"poblacio":[{"value":177,"label":"Matar\u00f3"}],"product_cat":[{"value":138,"label":"Peque\u00f1os Electrodom\u00e9sticos"},{"value":140,"label":"Servicio Autorreparaci\u00f3n"},{"value":141,"label":"TIC"}]},"featured_image_src_large":["https:\/\/cerclezero.cat\/wp-content\/uploads\/2024\/07\/SA-RAEEs-1-1024x256.webp",1024,256,true],"author_info":[],"comment_info":0,"_links":{"self":[{"href":"https:\/\/cerclezero.cat\/es\/wp-json\/wp\/v2\/product\/8774","targetHints":{"allow":["GET"]}}],"collection":[{"href":"https:\/\/cerclezero.cat\/es\/wp-json\/wp\/v2\/product"}],"about":[{"href":"https:\/\/cerclezero.cat\/es\/wp-json\/wp\/v2\/types\/product"}],"replies":[{"embeddable":true,"href":"https:\/\/cerclezero.cat\/es\/wp-json\/wp\/v2\/comments?post=8774"}],"wp:featuredmedia":[{"embeddable":true,"href":"https:\/\/cerclezero.cat\/es\/wp-json\/wp\/v2\/media\/1767"}],"wp:attachment":[{"href":"https:\/\/cerclezero.cat\/es\/wp-json\/wp\/v2\/media?parent=8774"}],"wp:term":[{"taxonomy":"organitzador","embeddable":true,"href":"https:\/\/cerclezero.cat\/es\/wp-json\/wp\/v2\/organitzador?post=8774"},{"taxonomy":"poblacio","embeddable":true,"href":"https:\/\/cerclezero.cat\/es\/wp-json\/wp\/v2\/poblacio?post=8774"},{"taxonomy":"product_brand","embeddable":true,"href":"https:\/\/cerclezero.cat\/es\/wp-json\/wp\/v2\/product_brand?post=8774"},{"taxonomy":"product_cat","embeddable":true,"href":"https:\/\/cerclezero.cat\/es\/wp-json\/wp\/v2\/product_cat?post=8774"},{"taxonomy":"product_tag","embeddable":true,"href":"https:\/\/cerclezero.cat\/es\/wp-json\/wp\/v2\/product_tag?post=8774"}],"curies":[{"name":"wp","href":"https:\/\/api.w.org\/{rel}","templated":true}]}}