{"id":8809,"date":"2026-01-15T13:37:18","date_gmt":"2026-01-15T12:37:18","guid":{"rendered":"https:\/\/cerclezero.cat\/taller-viladecans-robots-con-raees-familiar\/"},"modified":"2026-01-15T13:37:18","modified_gmt":"2026-01-15T12:37:18","slug":"taller-viladecans-robots-con-raees-familiar","status":"publish","type":"product","link":"https:\/\/cerclezero.cat\/es\/taller-viladecans-robots-con-raees-familiar\/","title":{"rendered":"Taller [Viladecans] &#8211; Robots con RAEE&#8217;s (familiar)"},"content":{"rendered":"<p><iframe loading=\"lazy\" style=\"border: 0;\" src=\"https:\/\/www.google.com\/maps\/embed?pb=!1m18!1m12!1m3!1d2997.0794036220873!2d2.01762957648627!3d41.30713620096859!2m3!1f0!2f0!3f0!3m2!1i1024!2i768!4f13.1!3m3!1m2!1s0x12a49cfb2ee89b7f%3A0x882c33a67e99a992!2sDeixalleria%20Viladecans!5e0!3m2!1ses!2ses!4v1768480091046!5m2!1ses!2ses\" width=\"600\" height=\"450\" allowfullscreen=\"allowfullscreen\"><\/iframe><\/p>\n","protected":false},"excerpt":{"rendered":"<p><strong>ACTIVIDAD FAMILIAR!<\/strong> Actividad l\u00fadica y participativa para crear <strong>robots a partir de materiales el\u00e9ctricos y electr\u00f3nicos<\/strong> , estimulando la imaginaci\u00f3n, la expresi\u00f3n art\u00edstica y el respeto por el medio ambiente.<\/p>\n","protected":false},"featured_media":1972,"comment_status":"closed","ping_status":"closed","template":"","meta":{"_acf_changed":false,"_kad_blocks_custom_css":"","_kad_blocks_head_custom_js":"","_kad_blocks_body_custom_js":"","_kad_blocks_footer_custom_js":"","_kad_post_transparent":"","_kad_post_title":"","_kad_post_layout":"","_kad_post_sidebar_id":"","_kad_post_content_style":"","_kad_post_vertical_padding":"","_kad_post_feature":"","_kad_post_feature_position":"","_kad_post_header":false,"_kad_post_footer":false,"_kad_post_classname":""},"organitzador":[145],"poblacio":[60],"product_brand":[],"product_cat":[133,125,139],"product_tag":[],"class_list":{"0":"post-8809","1":"product","2":"type-product","3":"status-publish","4":"has-post-thumbnail","6":"organitzador-ajuntament-viladecans-es","7":"poblacio-viladecans","8":"product_cat-taller","9":"product_cat-manualidades","10":"product_cat-reaprovechamiento","12":"first","13":"instock","14":"virtual","15":"sold-individually","16":"purchasable","17":"product-type-booking","18":"entry","19":"content-bg","20":"loop-entry"},"booking_location":"","booking_location_type":"","booking_duration":1,"booking_duration_unit":"day","booking_buffer":0,"booking_cost":0,"booking_resources":[],"acf":[],"taxonomy_info":{"organitzador":[{"value":145,"label":"Ajuntament Viladecans"}],"poblacio":[{"value":60,"label":"Viladecans"}],"product_cat":[{"value":133,"label":"Taller"},{"value":125,"label":"Manualidades"},{"value":139,"label":"Reaprovechamiento"}]},"featured_image_src_large":["https:\/\/cerclezero.cat\/wp-content\/uploads\/2024\/10\/Taller-Reaprofitament-1-1024x256.webp",1024,256,true],"author_info":[],"comment_info":0,"_links":{"self":[{"href":"https:\/\/cerclezero.cat\/es\/wp-json\/wp\/v2\/product\/8809","targetHints":{"allow":["GET"]}}],"collection":[{"href":"https:\/\/cerclezero.cat\/es\/wp-json\/wp\/v2\/product"}],"about":[{"href":"https:\/\/cerclezero.cat\/es\/wp-json\/wp\/v2\/types\/product"}],"replies":[{"embeddable":true,"href":"https:\/\/cerclezero.cat\/es\/wp-json\/wp\/v2\/comments?post=8809"}],"wp:featuredmedia":[{"embeddable":true,"href":"https:\/\/cerclezero.cat\/es\/wp-json\/wp\/v2\/media\/1972"}],"wp:attachment":[{"href":"https:\/\/cerclezero.cat\/es\/wp-json\/wp\/v2\/media?parent=8809"}],"wp:term":[{"taxonomy":"organitzador","embeddable":true,"href":"https:\/\/cerclezero.cat\/es\/wp-json\/wp\/v2\/organitzador?post=8809"},{"taxonomy":"poblacio","embeddable":true,"href":"https:\/\/cerclezero.cat\/es\/wp-json\/wp\/v2\/poblacio?post=8809"},{"taxonomy":"product_brand","embeddable":true,"href":"https:\/\/cerclezero.cat\/es\/wp-json\/wp\/v2\/product_brand?post=8809"},{"taxonomy":"product_cat","embeddable":true,"href":"https:\/\/cerclezero.cat\/es\/wp-json\/wp\/v2\/product_cat?post=8809"},{"taxonomy":"product_tag","embeddable":true,"href":"https:\/\/cerclezero.cat\/es\/wp-json\/wp\/v2\/product_tag?post=8809"}],"curies":[{"name":"wp","href":"https:\/\/api.w.org\/{rel}","templated":true}]}}