{"id":8810,"date":"2026-01-15T13:59:17","date_gmt":"2026-01-15T12:59:17","guid":{"rendered":"https:\/\/cerclezero.cat\/taller-viladecans-patinetes-electricos\/"},"modified":"2026-02-04T11:52:26","modified_gmt":"2026-02-04T10:52:26","slug":"taller-viladecans-patinetes-electricos","status":"publish","type":"product","link":"https:\/\/cerclezero.cat\/es\/taller-viladecans-patinetes-electricos\/","title":{"rendered":"Taller [Viladecans] &#8211; Patinetes el\u00e9ctricos"},"content":{"rendered":"<p><iframe loading=\"lazy\" style=\"border: 0;\" src=\"https:\/\/www.google.com\/maps\/embed?pb=!1m18!1m12!1m3!1d2997.0794036220873!2d2.01762957648627!3d41.30713620096859!2m3!1f0!2f0!3f0!3m2!1i1024!2i768!4f13.1!3m3!1m2!1s0x12a49cfb2ee89b7f%3A0x882c33a67e99a992!2sDeixalleria%20Viladecans!5e0!3m2!1ses!2ses!4v1768480091046!5m2!1ses!2ses\" width=\"600\" height=\"450\" allowfullscreen=\"allowfullscreen\"><\/iframe><\/p>\n","protected":false},"excerpt":{"rendered":"<p>Espacio pr\u00e1ctico y participativo para aprender a revisar, ajustar y realizar peque\u00f1as reparaciones en los <strong>patinetes el\u00e9ctricos,<\/strong> promoviendo la autorreparaci\u00f3n, la seguridad y la reducci\u00f3n de residuos.<\/p>\n","protected":false},"featured_media":1968,"comment_status":"closed","ping_status":"closed","template":"","meta":{"_acf_changed":false,"_kad_blocks_custom_css":"","_kad_blocks_head_custom_js":"","_kad_blocks_body_custom_js":"","_kad_blocks_footer_custom_js":"","_kad_post_transparent":"","_kad_post_title":"","_kad_post_layout":"","_kad_post_sidebar_id":"","_kad_post_content_style":"","_kad_post_vertical_padding":"","_kad_post_feature":"","_kad_post_feature_position":"","_kad_post_header":false,"_kad_post_footer":false,"_kad_post_classname":""},"organitzador":[145],"poblacio":[60],"product_brand":[],"product_cat":[242,133],"product_tag":[],"class_list":{"0":"post-8810","1":"product","2":"type-product","3":"status-publish","4":"has-post-thumbnail","6":"organitzador-ajuntament-viladecans-es","7":"poblacio-viladecans","8":"product_cat-patinetes","9":"product_cat-taller","11":"first","12":"instock","13":"virtual","14":"sold-individually","15":"purchasable","16":"product-type-booking","17":"entry","18":"content-bg","19":"loop-entry"},"booking_location":"","booking_location_type":"","booking_duration":1,"booking_duration_unit":"day","booking_buffer":0,"booking_cost":0,"booking_resources":[],"acf":[],"taxonomy_info":{"organitzador":[{"value":145,"label":"Ajuntament Viladecans"}],"poblacio":[{"value":60,"label":"Viladecans"}],"product_cat":[{"value":242,"label":"Patinetes"},{"value":133,"label":"Taller"}]},"featured_image_src_large":["https:\/\/cerclezero.cat\/wp-content\/uploads\/2024\/10\/Taller-Mobilitat-1-1024x256.webp",1024,256,true],"author_info":[],"comment_info":0,"_links":{"self":[{"href":"https:\/\/cerclezero.cat\/es\/wp-json\/wp\/v2\/product\/8810","targetHints":{"allow":["GET"]}}],"collection":[{"href":"https:\/\/cerclezero.cat\/es\/wp-json\/wp\/v2\/product"}],"about":[{"href":"https:\/\/cerclezero.cat\/es\/wp-json\/wp\/v2\/types\/product"}],"replies":[{"embeddable":true,"href":"https:\/\/cerclezero.cat\/es\/wp-json\/wp\/v2\/comments?post=8810"}],"wp:featuredmedia":[{"embeddable":true,"href":"https:\/\/cerclezero.cat\/es\/wp-json\/wp\/v2\/media\/1968"}],"wp:attachment":[{"href":"https:\/\/cerclezero.cat\/es\/wp-json\/wp\/v2\/media?parent=8810"}],"wp:term":[{"taxonomy":"organitzador","embeddable":true,"href":"https:\/\/cerclezero.cat\/es\/wp-json\/wp\/v2\/organitzador?post=8810"},{"taxonomy":"poblacio","embeddable":true,"href":"https:\/\/cerclezero.cat\/es\/wp-json\/wp\/v2\/poblacio?post=8810"},{"taxonomy":"product_brand","embeddable":true,"href":"https:\/\/cerclezero.cat\/es\/wp-json\/wp\/v2\/product_brand?post=8810"},{"taxonomy":"product_cat","embeddable":true,"href":"https:\/\/cerclezero.cat\/es\/wp-json\/wp\/v2\/product_cat?post=8810"},{"taxonomy":"product_tag","embeddable":true,"href":"https:\/\/cerclezero.cat\/es\/wp-json\/wp\/v2\/product_tag?post=8810"}],"curies":[{"name":"wp","href":"https:\/\/api.w.org\/{rel}","templated":true}]}}