{"id":8811,"date":"2026-01-15T14:04:07","date_gmt":"2026-01-15T13:04:07","guid":{"rendered":"https:\/\/cerclezero.cat\/taller-viladecans-hogares-residuo-cero-nuevo\/"},"modified":"2026-03-10T14:15:17","modified_gmt":"2026-03-10T13:15:17","slug":"taller-viladecans-hogares-residuo-cero-nuevo","status":"publish","type":"product","link":"https:\/\/cerclezero.cat\/es\/taller-viladecans-hogares-residuo-cero-nuevo\/","title":{"rendered":"Taller [Viladecans] &#8211; Hogares Residuo Cero (NUEVO)"},"content":{"rendered":"<p><iframe loading=\"lazy\" style=\"border: 0;\" src=\"https:\/\/www.google.com\/maps\/embed?pb=!1m18!1m12!1m3!1d2997.0794036220873!2d2.01762957648627!3d41.30713620096859!2m3!1f0!2f0!3f0!3m2!1i1024!2i768!4f13.1!3m3!1m2!1s0x12a49cfb2ee89b7f%3A0x882c33a67e99a992!2sDeixalleria%20Viladecans!5e0!3m2!1ses!2ses!4v1768480091046!5m2!1ses!2ses\" width=\"600\" height=\"450\" allowfullscreen=\"allowfullscreen\"><\/iframe><\/p>\n","protected":false},"excerpt":{"rendered":"<p>Esther Pe\u00f1arrubia, <span data-olk-copy-source=\"MessageBody\">Doctora Ingeniera Agr\u00f3noma,<\/span> traductora de la Gu\u00eda dom\u00e9stica para simplificar nuestra vida escrita por Bea Johnson, vendr\u00e1 a hacer la sesi\u00f3n en el punto limpio sobre c\u00f3mo llevar un estilo de vida m\u00e1s sostenible reduciendo residuos, ahorrando tiempo y dinero, con ejemplos pr\u00e1cticos adaptados a la realidad catalana.<\/p>\n<p>Hablaremos de consumo responsable de alimentos (comprar a granel, llevar bolsas reutilizables y fiambreras), alternativas para el hogar con ni\u00f1os (intercambio de juguetes, ropa y libros), como organizar fiestas con menos residuos y opciones de higiene personal y limpieza del hogar con productos sin t\u00f3xicos ni envases de un solo uso.<\/p>\n<p>\u00a1Recuerda traer una cantimplora el d\u00eda del taller!<\/p>\n","protected":false},"featured_media":9909,"comment_status":"closed","ping_status":"closed","template":"","meta":{"_acf_changed":false,"_kad_blocks_custom_css":"","_kad_blocks_head_custom_js":"","_kad_blocks_body_custom_js":"","_kad_blocks_footer_custom_js":"","_kad_post_transparent":"","_kad_post_title":"","_kad_post_layout":"","_kad_post_sidebar_id":"","_kad_post_content_style":"","_kad_post_vertical_padding":"","_kad_post_feature":"","_kad_post_feature_position":"","_kad_post_header":false,"_kad_post_footer":false,"_kad_post_classname":""},"organitzador":[145],"poblacio":[60],"product_brand":[],"product_cat":[133,125,139],"product_tag":[],"class_list":{"0":"post-8811","1":"product","2":"type-product","3":"status-publish","4":"has-post-thumbnail","6":"organitzador-ajuntament-viladecans-es","7":"poblacio-viladecans","8":"product_cat-taller","9":"product_cat-manualidades","10":"product_cat-reaprovechamiento","12":"first","13":"instock","14":"virtual","15":"sold-individually","16":"purchasable","17":"product-type-booking","18":"entry","19":"content-bg","20":"loop-entry"},"booking_location":"","booking_location_type":"","booking_duration":1,"booking_duration_unit":"day","booking_buffer":0,"booking_cost":0,"booking_resources":[],"acf":[],"taxonomy_info":{"organitzador":[{"value":145,"label":"Ajuntament Viladecans"}],"poblacio":[{"value":60,"label":"Viladecans"}],"product_cat":[{"value":133,"label":"Taller"},{"value":125,"label":"Manualidades"},{"value":139,"label":"Reaprovechamiento"}]},"featured_image_src_large":["https:\/\/cerclezero.cat\/wp-content\/uploads\/2026\/01\/Taller-Consum-Responsable-1024x256.jpg",1024,256,true],"author_info":[],"comment_info":0,"_links":{"self":[{"href":"https:\/\/cerclezero.cat\/es\/wp-json\/wp\/v2\/product\/8811","targetHints":{"allow":["GET"]}}],"collection":[{"href":"https:\/\/cerclezero.cat\/es\/wp-json\/wp\/v2\/product"}],"about":[{"href":"https:\/\/cerclezero.cat\/es\/wp-json\/wp\/v2\/types\/product"}],"replies":[{"embeddable":true,"href":"https:\/\/cerclezero.cat\/es\/wp-json\/wp\/v2\/comments?post=8811"}],"wp:featuredmedia":[{"embeddable":true,"href":"https:\/\/cerclezero.cat\/es\/wp-json\/wp\/v2\/media\/9909"}],"wp:attachment":[{"href":"https:\/\/cerclezero.cat\/es\/wp-json\/wp\/v2\/media?parent=8811"}],"wp:term":[{"taxonomy":"organitzador","embeddable":true,"href":"https:\/\/cerclezero.cat\/es\/wp-json\/wp\/v2\/organitzador?post=8811"},{"taxonomy":"poblacio","embeddable":true,"href":"https:\/\/cerclezero.cat\/es\/wp-json\/wp\/v2\/poblacio?post=8811"},{"taxonomy":"product_brand","embeddable":true,"href":"https:\/\/cerclezero.cat\/es\/wp-json\/wp\/v2\/product_brand?post=8811"},{"taxonomy":"product_cat","embeddable":true,"href":"https:\/\/cerclezero.cat\/es\/wp-json\/wp\/v2\/product_cat?post=8811"},{"taxonomy":"product_tag","embeddable":true,"href":"https:\/\/cerclezero.cat\/es\/wp-json\/wp\/v2\/product_tag?post=8811"}],"curies":[{"name":"wp","href":"https:\/\/api.w.org\/{rel}","templated":true}]}}